{"id":62,"date":"2013-02-01T19:56:44","date_gmt":"2013-02-01T19:56:44","guid":{"rendered":"http:\/\/www.maquinasparasoldar.com\/lincoln_support\/?page_id=62"},"modified":"2013-02-06T18:28:29","modified_gmt":"2013-02-06T18:28:29","slug":"venta","status":"publish","type":"page","link":"https:\/\/www.maquinasparasoldar.com\/lincoln_support\/servicios\/venta\/","title":{"rendered":"Venta"},"content":{"rendered":"<p><img loading=\"lazy\" src=\"https:\/\/www.maquinasparasoldar.com\/lincoln_support\/wp-content\/uploads\/2013\/02\/venta.jpg\" alt=\"Venta\" width=\"960\" height=\"175\" class=\"aligncenter size-full wp-image-129\" srcset=\"https:\/\/www.maquinasparasoldar.com\/lincoln_support\/wp-content\/uploads\/2013\/02\/venta.jpg 960w, https:\/\/www.maquinasparasoldar.com\/lincoln_support\/wp-content\/uploads\/2013\/02\/venta-300x54.jpg 300w\" sizes=\"(max-width: 960px) 100vw, 960px\" \/><br \/>\nEn <span class=\"resaltado_rojo\"><strong>LINCOLN SUPPORT<\/strong><\/span>, tenemos actitud de servicio inmediato, para la satisfacci\u00f3n total de nuestros clientes.<\/p>\n<p>Por lo que ponemos a su disposici\u00f3n nuestro servicio de venta. Con nosotros podr\u00e1s adquirir desde accesorios, refacciones originales, consumibles para m\u00e1quinas de soldar y corte por plasma. Adem\u00e1s de equipos para soldar y equipos de corte por plasma seminuevos todo lo que cumpla con las necesidades que su trabajo requiera.<\/p>\n<p>Para adquirir lo que requiere solo necesita contactarnos y le atenderemos como usted se merece. Para mayor informaci\u00f3n o pedir cotizaci\u00f3n escrita de cualquier producto.<\/p>\n","protected":false},"excerpt":{"rendered":"<p>En LINCOLN SUPPORT, tenemos actitud de servicio inmediato, para la satisfacci\u00f3n total de nuestros clientes. Por lo que ponemos a su disposici\u00f3n nuestro servicio de venta. Con nosotros podr\u00e1s adquirir desde accesorios, refacciones originales, consumibles para m\u00e1quinas de soldar y corte por plasma. Adem\u00e1s de equipos para soldar y equipos de corte por plasma seminuevos [&hellip;]<\/p>\n","protected":false},"author":1,"featured_media":0,"parent":23,"menu_order":3,"comment_status":"open","ping_status":"open","template":"page-full.php","meta":[],"_links":{"self":[{"href":"https:\/\/www.maquinasparasoldar.com\/lincoln_support\/wp-json\/wp\/v2\/pages\/62"}],"collection":[{"href":"https:\/\/www.maquinasparasoldar.com\/lincoln_support\/wp-json\/wp\/v2\/pages"}],"about":[{"href":"https:\/\/www.maquinasparasoldar.com\/lincoln_support\/wp-json\/wp\/v2\/types\/page"}],"author":[{"embeddable":true,"href":"https:\/\/www.maquinasparasoldar.com\/lincoln_support\/wp-json\/wp\/v2\/users\/1"}],"replies":[{"embeddable":true,"href":"https:\/\/www.maquinasparasoldar.com\/lincoln_support\/wp-json\/wp\/v2\/comments?post=62"}],"version-history":[{"count":7,"href":"https:\/\/www.maquinasparasoldar.com\/lincoln_support\/wp-json\/wp\/v2\/pages\/62\/revisions"}],"predecessor-version":[{"id":130,"href":"https:\/\/www.maquinasparasoldar.com\/lincoln_support\/wp-json\/wp\/v2\/pages\/62\/revisions\/130"}],"up":[{"embeddable":true,"href":"https:\/\/www.maquinasparasoldar.com\/lincoln_support\/wp-json\/wp\/v2\/pages\/23"}],"wp:attachment":[{"href":"https:\/\/www.maquinasparasoldar.com\/lincoln_support\/wp-json\/wp\/v2\/media?parent=62"}],"curies":[{"name":"wp","href":"https:\/\/api.w.org\/{rel}","templated":true}]}}