{"id":60,"date":"2013-02-01T19:57:26","date_gmt":"2013-02-01T19:57:26","guid":{"rendered":"http:\/\/www.maquinasparasoldar.com\/lincoln_support\/?page_id=60"},"modified":"2013-02-06T18:09:34","modified_gmt":"2013-02-06T18:09:34","slug":"renta","status":"publish","type":"page","link":"https:\/\/www.maquinasparasoldar.com\/lincoln_support\/servicios\/renta\/","title":{"rendered":"Renta"},"content":{"rendered":"<p><img loading=\"lazy\" src=\"https:\/\/www.maquinasparasoldar.com\/lincoln_support\/wp-content\/uploads\/2013\/02\/renta.jpg\" alt=\"Renta\" width=\"960\" height=\"300\" class=\"aligncenter size-full wp-image-127\" srcset=\"https:\/\/www.maquinasparasoldar.com\/lincoln_support\/wp-content\/uploads\/2013\/02\/renta.jpg 960w, https:\/\/www.maquinasparasoldar.com\/lincoln_support\/wp-content\/uploads\/2013\/02\/renta-300x93.jpg 300w\" sizes=\"(max-width: 960px) 100vw, 960px\" \/><br \/>\nTenemos una gama completa de equipo de soldar y corte relativamente nuevo, que recibe el servicio completo de t\u00e9cnicos expertos y est\u00e1 listo para trabajar cuando usted quiera.<\/p>\n<p>Usted puede con nuestros equipos en renta capitalizar su empresa e invertir en otros proyectos, de esa forma puede aprovechar al m\u00e1ximo sin necesidad de desembolsar una gran cantidad de dinero. Tomando en cuenta que las rentas son totalmente deducibles de impuesto y se ahorra el pago sobre activos fijos.<\/p>\n<p>En <span class=\"resaltado_rojo\"><strong>LINCOLN SUPPORT<\/strong><\/span> le ofrecemos soluciones inmediatas con el equipo m\u00e1s confiable del mercado. P\u00f3ngase en contacto con nuestro personal especializado para que usted conozca c\u00f3mo podemos ayudarlo con el mejor esquema de financiamiento del mercado.<\/p>\n","protected":false},"excerpt":{"rendered":"<p>Tenemos una gama completa de equipo de soldar y corte relativamente nuevo, que recibe el servicio completo de t\u00e9cnicos expertos y est\u00e1 listo para trabajar cuando usted quiera. Usted puede con nuestros equipos en renta capitalizar su empresa e invertir en otros proyectos, de esa forma puede aprovechar al m\u00e1ximo sin necesidad de desembolsar una [&hellip;]<\/p>\n","protected":false},"author":1,"featured_media":0,"parent":23,"menu_order":2,"comment_status":"open","ping_status":"open","template":"page-full.php","meta":[],"_links":{"self":[{"href":"https:\/\/www.maquinasparasoldar.com\/lincoln_support\/wp-json\/wp\/v2\/pages\/60"}],"collection":[{"href":"https:\/\/www.maquinasparasoldar.com\/lincoln_support\/wp-json\/wp\/v2\/pages"}],"about":[{"href":"https:\/\/www.maquinasparasoldar.com\/lincoln_support\/wp-json\/wp\/v2\/types\/page"}],"author":[{"embeddable":true,"href":"https:\/\/www.maquinasparasoldar.com\/lincoln_support\/wp-json\/wp\/v2\/users\/1"}],"replies":[{"embeddable":true,"href":"https:\/\/www.maquinasparasoldar.com\/lincoln_support\/wp-json\/wp\/v2\/comments?post=60"}],"version-history":[{"count":5,"href":"https:\/\/www.maquinasparasoldar.com\/lincoln_support\/wp-json\/wp\/v2\/pages\/60\/revisions"}],"predecessor-version":[{"id":128,"href":"https:\/\/www.maquinasparasoldar.com\/lincoln_support\/wp-json\/wp\/v2\/pages\/60\/revisions\/128"}],"up":[{"embeddable":true,"href":"https:\/\/www.maquinasparasoldar.com\/lincoln_support\/wp-json\/wp\/v2\/pages\/23"}],"wp:attachment":[{"href":"https:\/\/www.maquinasparasoldar.com\/lincoln_support\/wp-json\/wp\/v2\/media?parent=60"}],"curies":[{"name":"wp","href":"https:\/\/api.w.org\/{rel}","templated":true}]}}