{"id":57,"date":"2013-02-01T19:55:56","date_gmt":"2013-02-01T19:55:56","guid":{"rendered":"http:\/\/www.maquinasparasoldar.com\/lincoln_support\/?page_id=57"},"modified":"2013-02-06T17:21:59","modified_gmt":"2013-02-06T17:21:59","slug":"reparacion","status":"publish","type":"page","link":"https:\/\/www.maquinasparasoldar.com\/lincoln_support\/servicios\/reparacion\/","title":{"rendered":"Reparaci\u00f3n"},"content":{"rendered":"<p><img loading=\"lazy\" src=\"https:\/\/www.maquinasparasoldar.com\/lincoln_support\/wp-content\/uploads\/2013\/02\/reparacion.jpg\" alt=\"Reparaci\u00f3n\" width=\"960\" height=\"300\" class=\"aligncenter size-full wp-image-125\" srcset=\"https:\/\/www.maquinasparasoldar.com\/lincoln_support\/wp-content\/uploads\/2013\/02\/reparacion.jpg 960w, https:\/\/www.maquinasparasoldar.com\/lincoln_support\/wp-content\/uploads\/2013\/02\/reparacion-300x93.jpg 300w\" sizes=\"(max-width: 960px) 100vw, 960px\" \/><br \/>\nLa m\u00e1quina de soldar es uno de los dispositivos o herramientas m\u00e1s utilizados por el ser humano, esto se debe a que en alg\u00fan momento de nuestra vida hemos tenido que soldar alguna pieza.<br \/>\nPor eso en <span class=\"resaltado_rojo\"><strong>LINCOLN SUPPORT<\/strong><\/span> reparamos todas las marcas sea cual sea el modelo y la antig\u00fcedad del equipo. Brindamos un servicio t\u00e9cnico con gran experiencia en la reparaci\u00f3n de m\u00e1quinas de soldar y corte con plasma de tecnolog\u00eda electr\u00f3nica.<br \/>\nIncluyen los siguientes procesos:<br \/>\n<span class=\"resaltado_blanco\"><strong>* TIG<br \/>\n* MIG<br \/>\n* STICK<br \/>\n* SAW <a href=\"https:\/\/www.maquinasparasoldar.com\/lincoln_support\/servicios\/procesos\/\" title=\"Procesos\">(Arco sumergido)<\/a><\/strong><\/span><\/p>\n","protected":false},"excerpt":{"rendered":"<p>La m\u00e1quina de soldar es uno de los dispositivos o herramientas m\u00e1s utilizados por el ser humano, esto se debe a que en alg\u00fan momento de nuestra vida hemos tenido que soldar alguna pieza. Por eso en LINCOLN SUPPORT reparamos todas las marcas sea cual sea el modelo y la antig\u00fcedad del equipo. Brindamos un [&hellip;]<\/p>\n","protected":false},"author":1,"featured_media":0,"parent":23,"menu_order":1,"comment_status":"open","ping_status":"closed","template":"page-full.php","meta":[],"_links":{"self":[{"href":"https:\/\/www.maquinasparasoldar.com\/lincoln_support\/wp-json\/wp\/v2\/pages\/57"}],"collection":[{"href":"https:\/\/www.maquinasparasoldar.com\/lincoln_support\/wp-json\/wp\/v2\/pages"}],"about":[{"href":"https:\/\/www.maquinasparasoldar.com\/lincoln_support\/wp-json\/wp\/v2\/types\/page"}],"author":[{"embeddable":true,"href":"https:\/\/www.maquinasparasoldar.com\/lincoln_support\/wp-json\/wp\/v2\/users\/1"}],"replies":[{"embeddable":true,"href":"https:\/\/www.maquinasparasoldar.com\/lincoln_support\/wp-json\/wp\/v2\/comments?post=57"}],"version-history":[{"count":12,"href":"https:\/\/www.maquinasparasoldar.com\/lincoln_support\/wp-json\/wp\/v2\/pages\/57\/revisions"}],"predecessor-version":[{"id":107,"href":"https:\/\/www.maquinasparasoldar.com\/lincoln_support\/wp-json\/wp\/v2\/pages\/57\/revisions\/107"}],"up":[{"embeddable":true,"href":"https:\/\/www.maquinasparasoldar.com\/lincoln_support\/wp-json\/wp\/v2\/pages\/23"}],"wp:attachment":[{"href":"https:\/\/www.maquinasparasoldar.com\/lincoln_support\/wp-json\/wp\/v2\/media?parent=57"}],"curies":[{"name":"wp","href":"https:\/\/api.w.org\/{rel}","templated":true}]}}