{"id":26,"date":"2013-01-31T23:37:53","date_gmt":"2013-01-31T23:37:53","guid":{"rendered":"http:\/\/www.maquinasparasoldar.com\/lincoln_sopport\/?page_id=26"},"modified":"2013-02-06T16:36:18","modified_gmt":"2013-02-06T16:36:18","slug":"quienes-somos","status":"publish","type":"page","link":"https:\/\/www.maquinasparasoldar.com\/lincoln_support\/quienes-somos\/","title":{"rendered":"Quienes somos"},"content":{"rendered":"<p><img loading=\"lazy\" src=\"https:\/\/www.maquinasparasoldar.com\/lincoln_support\/wp-content\/uploads\/2013\/01\/quienes_somos.jpg\" alt=\"Quienes Somos\" width=\"960\" height=\"300\" class=\"aligncenter size-full wp-image-95\" srcset=\"https:\/\/www.maquinasparasoldar.com\/lincoln_support\/wp-content\/uploads\/2013\/01\/quienes_somos.jpg 960w, https:\/\/www.maquinasparasoldar.com\/lincoln_support\/wp-content\/uploads\/2013\/01\/quienes_somos-300x93.jpg 300w\" sizes=\"(max-width: 960px) 100vw, 960px\" \/><\/p>\n<p><\/p>\n<p>Nos dedicamos a la reparaci\u00f3n y renta de m\u00e1quinas para soldar y equipos de corte por plasma, adem\u00e1s de la venta de refacciones originales de la marca <span class=\"resaltado_blanco\"><strong>LINCOLN ELECTRIC<\/strong><\/span> y consumibles para todas las marcas.<\/p>\n<p>Somos taller autorizado de la marca <span class=\"resaltado_blanco\"><strong>LINCOLN ELECTRIC<\/strong><\/span> para la atenci\u00f3n y reparaci\u00f3n de m\u00e1quinas dentro y fuera del periodo de garant\u00eda. Tambi\u00e9n manejamos marcas como: Miller, Hypertherm, Esab, Thermal Dynamics, Cebora.<\/p>\n<p>Siempre estamos en mejora continua para permitir a nuestros integrantes contar con calidad de vida y calidad de trabajo, lo que resulta en mejores productos y servicios para nuestros clientes.<\/p>\n","protected":false},"excerpt":{"rendered":"<p>Nos dedicamos a la reparaci\u00f3n y renta de m\u00e1quinas para soldar y equipos de corte por plasma, adem\u00e1s de la venta de refacciones originales de la marca LINCOLN ELECTRIC y consumibles para todas las marcas. Somos taller autorizado de la marca LINCOLN ELECTRIC para la atenci\u00f3n y reparaci\u00f3n de m\u00e1quinas dentro y fuera del periodo [&hellip;]<\/p>\n","protected":false},"author":2,"featured_media":0,"parent":0,"menu_order":0,"comment_status":"open","ping_status":"closed","template":"page-full.php","meta":[],"_links":{"self":[{"href":"https:\/\/www.maquinasparasoldar.com\/lincoln_support\/wp-json\/wp\/v2\/pages\/26"}],"collection":[{"href":"https:\/\/www.maquinasparasoldar.com\/lincoln_support\/wp-json\/wp\/v2\/pages"}],"about":[{"href":"https:\/\/www.maquinasparasoldar.com\/lincoln_support\/wp-json\/wp\/v2\/types\/page"}],"author":[{"embeddable":true,"href":"https:\/\/www.maquinasparasoldar.com\/lincoln_support\/wp-json\/wp\/v2\/users\/2"}],"replies":[{"embeddable":true,"href":"https:\/\/www.maquinasparasoldar.com\/lincoln_support\/wp-json\/wp\/v2\/comments?post=26"}],"version-history":[{"count":10,"href":"https:\/\/www.maquinasparasoldar.com\/lincoln_support\/wp-json\/wp\/v2\/pages\/26\/revisions"}],"predecessor-version":[{"id":124,"href":"https:\/\/www.maquinasparasoldar.com\/lincoln_support\/wp-json\/wp\/v2\/pages\/26\/revisions\/124"}],"wp:attachment":[{"href":"https:\/\/www.maquinasparasoldar.com\/lincoln_support\/wp-json\/wp\/v2\/media?parent=26"}],"curies":[{"name":"wp","href":"https:\/\/api.w.org\/{rel}","templated":true}]}}