{"id":25,"date":"2013-01-31T23:37:39","date_gmt":"2013-01-31T23:37:39","guid":{"rendered":"http:\/\/www.maquinasparasoldar.com\/lincoln_sopport\/?page_id=25"},"modified":"2016-09-06T15:28:45","modified_gmt":"2016-09-06T15:28:45","slug":"contactanos","status":"publish","type":"page","link":"https:\/\/www.maquinasparasoldar.com\/lincoln_support\/contactanos\/","title":{"rendered":"Cont\u00e1ctanos"},"content":{"rendered":"<div class=\"tab5050\"><div class=\"wpcf7\" id=\"wpcf7-f83-p25-o1\"><form action=\"\/lincoln_support\/wp-json\/wp\/v2\/pages\/25#wpcf7-f83-p25-o1\" method=\"post\" class=\"wpcf7-form\" novalidate=\"novalidate\">\n<div style=\"display: none;\">\n<input type=\"hidden\" name=\"_wpcf7\" value=\"83\" \/>\n<input type=\"hidden\" name=\"_wpcf7_version\" value=\"3.4\" \/>\n<input type=\"hidden\" name=\"_wpcf7_unit_tag\" value=\"wpcf7-f83-p25-o1\" \/>\n<input type=\"hidden\" name=\"_wpnonce\" value=\"92309661b3\" \/>\n<\/div>\n<p>Nombre *<br \/>\n    <span class=\"wpcf7-form-control-wrap your-name\"><input type=\"text\" name=\"your-name\" value=\"\" size=\"40\" class=\"wpcf7-form-control wpcf7-text wpcf7-validates-as-required\" aria-required=\"true\" \/><\/span> <\/p>\n<p>Ciudad<br \/>\n    <span class=\"wpcf7-form-control-wrap your-city\"><input type=\"text\" name=\"your-city\" value=\"\" size=\"40\" class=\"wpcf7-form-control wpcf7-text\" \/><\/span> <\/p>\n<p>Direcci\u00f3n<br \/>\n    <span class=\"wpcf7-form-control-wrap your-address\"><input type=\"text\" name=\"your-address\" value=\"\" size=\"40\" class=\"wpcf7-form-control wpcf7-text\" \/><\/span> <\/p>\n<p>Tel\u00e9fono<br \/>\n    <span class=\"wpcf7-form-control-wrap your-phone\"><input type=\"text\" name=\"your-phone\" value=\"\" size=\"40\" class=\"wpcf7-form-control wpcf7-text\" \/><\/span> <\/p>\n<p>Tu Email *<br \/>\n    <span class=\"wpcf7-form-control-wrap your-email\"><input type=\"email\" name=\"your-email\" value=\"\" size=\"40\" class=\"wpcf7-form-control wpcf7-text wpcf7-email wpcf7-validates-as-required wpcf7-validates-as-email\" aria-required=\"true\" \/><\/span> <\/p>\n<p>Servicio requerido *<br \/>\n<span class=\"wpcf7-form-control-wrap menu-738\"><select name=\"menu-738\" class=\"wpcf7-form-control wpcf7-select wpcf7-validates-as-required\" id=\"Servicio\" aria-required=\"true\"><option value=\"Seleccione uno...\">Seleccione uno...<\/option><option value=\"Comprar un producto\">Comprar un producto<\/option><option value=\"Rentar una m\u00e1quina p\/soldar\">Rentar una m\u00e1quina p\/soldar<\/option><option value=\"Rentar una m\u00e1quina p\/cortar\">Rentar una m\u00e1quina p\/cortar<\/option><option value=\"Mantenimiento o reparaci\u00f3n\">Mantenimiento o reparaci\u00f3n<\/option><option value=\"Cotizaci\u00f3n\">Cotizaci\u00f3n<\/option><option value=\"Comentario\">Comentario<\/option><option value=\"Otro...\">Otro...<\/option><\/select><\/span> <\/p>\n<p>Tu Mensaje *<br \/>\n    <span class=\"wpcf7-form-control-wrap your-message\"><textarea name=\"your-message\" cols=\"40\" rows=\"10\" class=\"wpcf7-form-control wpcf7-textarea wpcf7-validates-as-required\" aria-required=\"true\"><\/textarea><\/span> <\/p>\n<p><input type=\"submit\" value=\"Enviar\" class=\"wpcf7-form-control wpcf7-submit\" \/><\/p>\n<div class=\"wpcf7-response-output wpcf7-display-none\"><\/div><\/form><\/div><\/div>\n<div class=\"tab5050\">\n<span class=\"titulo_con\">Direcci\u00f3n:<\/span><br \/>\n<span class=\"contacto\">Tierra Blanca #519, Fracc. La Luz,<br \/>\nGuadalupe, NL, M\u00e9xico, CP 67120.<\/span><\/p>\n<p>\n<span class=\"titulo_con\">Tel\u00e9fonos:<\/span><br \/>\n<span class=\"contacto\">(01-81) 1352 6744 y 8394 6836<\/span><\/p>\n<p><iframe loading=\"lazy\" src=\"https:\/\/www.google.com\/maps\/embed?pb=!1m18!1m12!1m3!1d749.2343581862956!2d-100.23989302254347!3d25.704673705451032!2m3!1f0!2f0!3f0!3m2!1i1024!2i768!4f13.1!3m3!1m2!1s0x0%3A0x1b8edfaaa3dd9211!2sLincoln+Support!5e0!3m2!1ses!2smx!4v1473175647767\" width=\"100%\" height=\"450\" frameborder=\"0\" style=\"border:0\" allowfullscreen><\/iframe>\n<\/div>\n","protected":false},"excerpt":{"rendered":"<p>Direcci\u00f3n: Tierra Blanca #519, Fracc. La Luz, Guadalupe, NL, M\u00e9xico, CP 67120. Tel\u00e9fonos: (01-81) 1352 6744 y 8394 6836<\/p>\n","protected":false},"author":2,"featured_media":0,"parent":0,"menu_order":0,"comment_status":"open","ping_status":"open","template":"page-full.php","meta":[],"_links":{"self":[{"href":"https:\/\/www.maquinasparasoldar.com\/lincoln_support\/wp-json\/wp\/v2\/pages\/25"}],"collection":[{"href":"https:\/\/www.maquinasparasoldar.com\/lincoln_support\/wp-json\/wp\/v2\/pages"}],"about":[{"href":"https:\/\/www.maquinasparasoldar.com\/lincoln_support\/wp-json\/wp\/v2\/types\/page"}],"author":[{"embeddable":true,"href":"https:\/\/www.maquinasparasoldar.com\/lincoln_support\/wp-json\/wp\/v2\/users\/2"}],"replies":[{"embeddable":true,"href":"https:\/\/www.maquinasparasoldar.com\/lincoln_support\/wp-json\/wp\/v2\/comments?post=25"}],"version-history":[{"count":18,"href":"https:\/\/www.maquinasparasoldar.com\/lincoln_support\/wp-json\/wp\/v2\/pages\/25\/revisions"}],"predecessor-version":[{"id":1267,"href":"https:\/\/www.maquinasparasoldar.com\/lincoln_support\/wp-json\/wp\/v2\/pages\/25\/revisions\/1267"}],"wp:attachment":[{"href":"https:\/\/www.maquinasparasoldar.com\/lincoln_support\/wp-json\/wp\/v2\/media?parent=25"}],"curies":[{"name":"wp","href":"https:\/\/api.w.org\/{rel}","templated":true}]}}